{"id":355,"date":"2019-03-16T14:55:24","date_gmt":"2019-03-16T13:55:24","guid":{"rendered":"https:\/\/previews.wasiwarez.net\/shop\/produkt\/import-placeholder-for-2000008\/"},"modified":"2019-03-16T14:55:34","modified_gmt":"2019-03-16T13:55:34","slug":"hoodie-mit-reissverschluss-marke-abc","status":"publish","type":"product","link":"https:\/\/previews.wasiwarez.net\/shop\/produkt\/hoodie-mit-reissverschluss-marke-abc\/","title":{"rendered":"Hoodie mit Rei\u00dfverschluss &#8211; Marke ABC"},"content":{"rendered":"<p>Dies ist die ausf\u00fchrliche Beschreibung: Gr\u00fcner Hoodie mit Rei\u00dfverschluss der Marke ABC<\/p>\n","protected":false},"excerpt":{"rendered":"<p>Dies ist die Kurzbeschreibung: Hoodie Rei\u00dfverschluss<\/p>\n","protected":false},"featured_media":75,"comment_status":"open","ping_status":"closed","template":"","meta":{"_acf_changed":false,"_wasitools_body_class":""},"product_brand":[],"product_cat":[17],"product_tag":[],"class_list":{"0":"post-355","1":"product","2":"type-product","3":"status-publish","4":"has-post-thumbnail","6":"product_cat-hoodies","7":"product_shipping_class-dhl-paket","8":"pa_groesse-l","9":"pa_groesse-m","10":"pa_groesse-s","12":"first","13":"instock","14":"taxable","15":"shipping-taxable","16":"purchasable","17":"product-type-variable"},"acf":[],"_links":{"self":[{"href":"https:\/\/previews.wasiwarez.net\/shop\/wp-json\/wp\/v2\/product\/355","targetHints":{"allow":["GET"]}}],"collection":[{"href":"https:\/\/previews.wasiwarez.net\/shop\/wp-json\/wp\/v2\/product"}],"about":[{"href":"https:\/\/previews.wasiwarez.net\/shop\/wp-json\/wp\/v2\/types\/product"}],"replies":[{"embeddable":true,"href":"https:\/\/previews.wasiwarez.net\/shop\/wp-json\/wp\/v2\/comments?post=355"}],"wp:featuredmedia":[{"embeddable":true,"href":"https:\/\/previews.wasiwarez.net\/shop\/wp-json\/wp\/v2\/media\/75"}],"wp:attachment":[{"href":"https:\/\/previews.wasiwarez.net\/shop\/wp-json\/wp\/v2\/media?parent=355"}],"wp:term":[{"taxonomy":"product_brand","embeddable":true,"href":"https:\/\/previews.wasiwarez.net\/shop\/wp-json\/wp\/v2\/product_brand?post=355"},{"taxonomy":"product_cat","embeddable":true,"href":"https:\/\/previews.wasiwarez.net\/shop\/wp-json\/wp\/v2\/product_cat?post=355"},{"taxonomy":"product_tag","embeddable":true,"href":"https:\/\/previews.wasiwarez.net\/shop\/wp-json\/wp\/v2\/product_tag?post=355"}],"curies":[{"name":"wp","href":"https:\/\/api.w.org\/{rel}","templated":true}]}}