{"id":46,"date":"2019-03-11T17:17:43","date_gmt":"2019-03-11T16:17:43","guid":{"rendered":"https:\/\/previews.wasiwarez.net\/shop\/agb\/"},"modified":"2020-03-14T16:53:12","modified_gmt":"2020-03-14T15:53:12","slug":"agb","status":"publish","type":"page","link":"https:\/\/previews.wasiwarez.net\/shop\/agb\/","title":{"rendered":"AGB"},"content":{"rendered":"<p>Dies ist eine Seite f\u00fcr ihre allgemeinen Gesch\u00e4ftsbedingungen.<\/p><p>Wir empfehlen diese individuell durch einen Anwalt erstellen zu lassen.<\/p><p>Alternativ bieten wir eine automatisierte Erstellung von AGBs \u00fcber einen Generator der Seite der <a rel=\"noreferrer noopener\" aria-label=\"deutschen Anwaltshotline (\u00f6ffnet in neuem Tab)\" href=\"https:\/\/www.deutsche-anwaltshotline.de\/recht-auf-ihrer-website\/agb-generator\" target=\"_blank\">deutschen Anwaltshotline<\/a> an. <strong>Wir, wasiwarez.net Software Entwicklung, garantieren allerdings nicht f\u00fcr deren Rechtssicherheit.<\/strong> Diesen Generator k\u00f6nnen Sie selbstverst\u00e4ndlich auch kostenlos selber nutzen.<\/p>","protected":false},"excerpt":{"rendered":"<p>Dies ist eine Seite f\u00fcr ihre allgemeinen Gesch\u00e4ftsbedingungen. Wir empfehlen diese individuell durch einen Anwalt erstellen zu lassen. Alternativ bieten wir eine automatisierte Erstellung von AGBs \u00fcber einen Generator der Seite der deutschen Anwaltshotline an. Wir, wasiwarez.net Software Entwicklung, garantieren allerdings nicht f\u00fcr deren Rechtssicherheit. Diesen Generator k\u00f6nnen Sie selbstverst\u00e4ndlich auch kostenlos selber nutzen.<\/p>\n","protected":false},"author":1,"featured_media":0,"parent":0,"menu_order":0,"comment_status":"closed","ping_status":"closed","template":"template-fullwidth.php","meta":{"_acf_changed":false,"footnotes":""},"class_list":["post-46","page","type-page","status-publish","hentry"],"acf":[],"_links":{"self":[{"href":"https:\/\/previews.wasiwarez.net\/shop\/wp-json\/wp\/v2\/pages\/46"}],"collection":[{"href":"https:\/\/previews.wasiwarez.net\/shop\/wp-json\/wp\/v2\/pages"}],"about":[{"href":"https:\/\/previews.wasiwarez.net\/shop\/wp-json\/wp\/v2\/types\/page"}],"author":[{"embeddable":true,"href":"https:\/\/previews.wasiwarez.net\/shop\/wp-json\/wp\/v2\/users\/1"}],"replies":[{"embeddable":true,"href":"https:\/\/previews.wasiwarez.net\/shop\/wp-json\/wp\/v2\/comments?post=46"}],"version-history":[{"count":4,"href":"https:\/\/previews.wasiwarez.net\/shop\/wp-json\/wp\/v2\/pages\/46\/revisions"}],"predecessor-version":[{"id":497,"href":"https:\/\/previews.wasiwarez.net\/shop\/wp-json\/wp\/v2\/pages\/46\/revisions\/497"}],"wp:attachment":[{"href":"https:\/\/previews.wasiwarez.net\/shop\/wp-json\/wp\/v2\/media?parent=46"}],"curies":[{"name":"wp","href":"https:\/\/api.w.org\/{rel}","templated":true}]}}