{"id":25,"date":"2019-03-11T17:04:02","date_gmt":"2019-03-11T16:04:02","guid":{"rendered":"https:\/\/previews.wasiwarez.net\/shop\/?page_id=25"},"modified":"2020-03-14T16:53:12","modified_gmt":"2020-03-14T15:53:12","slug":"herzlich-willkommen","status":"publish","type":"page","link":"https:\/\/previews.wasiwarez.net\/shop\/","title":{"rendered":"Herzlich willkommen"},"content":{"rendered":"\n<p>Dies ist ihre Startseite.  In diesem Beispiel nutzen wir das Theme Storefront und das Plugin WooCommerce um eine Beispiel Seite f\u00fcr einen Online-Shop vorzustellen.<\/p>\n\n\n\n<p>WooCommerce enth\u00e4lt eine gro\u00dfe Auswahl an Tools f\u00fcr eine ausf\u00fchrliche Artikelverwaltung, wie Lagerhaltung, Besteuerung, Kategorien, Schlagw\u00f6rtern, uvm. Au\u00dferdem ist der gesamte Shop-Abschnitt der Seite integriert. Dieser enth\u00e4lt einen Warenkorb, eine Kasse, eine Konto\u00fcbersicht f\u00fcr User, Optionen f\u00fcr Angebote und Gutscheine, uvm. Eine detaillierte Beschreibung finden Sie auf der <a rel=\"noreferrer noopener\" href=\"https:\/\/woocommerce.com\/features\/\" target=\"_blank\">WooCommerce Webseite<\/a>. Und mit dem Plugin WooCommerce Germanized wird ihr Shop zu einem rechtskonformen deutschen Online Shop.<\/p>\n\n\n\n<p>Zus\u00e4tzlich zu dein eingebauten Funktionen gibt es auch noch einige Erweiterungen f\u00fcr WooCommerce, viele davon kostenlos. Dazu geh\u00f6ren u.a. eine PayPal Schnittstelle, eine Schnittstelle zu Amazon und ebay, Plugins f\u00fcr Facebook, Amazon Pay oder Stripe, uvm. Die komplette Liste findet ihr auf der <a rel=\"noreferrer noopener\" href=\"https:\/\/woocommerce.com\/product-category\/woocommerce-extensions\/\" target=\"_blank\">WooCommerce Extenstions Seite<\/a>.<\/p>\n","protected":false},"excerpt":{"rendered":"<p>Dies ist ihre Startseite. In diesem Beispiel nutzen wir das Theme Storefront und das Plugin WooCommerce um eine Beispiel Seite f\u00fcr einen Online-Shop vorzustellen. WooCommerce enth\u00e4lt eine gro\u00dfe Auswahl an Tools f\u00fcr eine ausf\u00fchrliche Artikelverwaltung, wie Lagerhaltung, Besteuerung, Kategorien, Schlagw\u00f6rtern, uvm. Au\u00dferdem ist der gesamte Shop-Abschnitt der Seite integriert. Dieser enth\u00e4lt einen Warenkorb, eine Kasse, [&hellip;]<\/p>\n","protected":false},"author":1,"featured_media":21,"parent":0,"menu_order":0,"comment_status":"closed","ping_status":"closed","template":"template-homepage.php","meta":{"_acf_changed":false,"_wasitools_body_class":"","footnotes":""},"class_list":["post-25","page","type-page","status-publish","has-post-thumbnail","hentry"],"acf":[],"_links":{"self":[{"href":"https:\/\/previews.wasiwarez.net\/shop\/wp-json\/wp\/v2\/pages\/25","targetHints":{"allow":["GET"]}}],"collection":[{"href":"https:\/\/previews.wasiwarez.net\/shop\/wp-json\/wp\/v2\/pages"}],"about":[{"href":"https:\/\/previews.wasiwarez.net\/shop\/wp-json\/wp\/v2\/types\/page"}],"author":[{"embeddable":true,"href":"https:\/\/previews.wasiwarez.net\/shop\/wp-json\/wp\/v2\/users\/1"}],"replies":[{"embeddable":true,"href":"https:\/\/previews.wasiwarez.net\/shop\/wp-json\/wp\/v2\/comments?post=25"}],"version-history":[{"count":2,"href":"https:\/\/previews.wasiwarez.net\/shop\/wp-json\/wp\/v2\/pages\/25\/revisions"}],"predecessor-version":[{"id":492,"href":"https:\/\/previews.wasiwarez.net\/shop\/wp-json\/wp\/v2\/pages\/25\/revisions\/492"}],"wp:featuredmedia":[{"embeddable":true,"href":"https:\/\/previews.wasiwarez.net\/shop\/wp-json\/wp\/v2\/media\/21"}],"wp:attachment":[{"href":"https:\/\/previews.wasiwarez.net\/shop\/wp-json\/wp\/v2\/media?parent=25"}],"curies":[{"name":"wp","href":"https:\/\/api.w.org\/{rel}","templated":true}]}}