{"id":123,"date":"2018-09-28T10:08:09","date_gmt":"2018-09-28T08:08:09","guid":{"rendered":"http:\/\/127.0.0.1\/wordpress\/?page_id=9"},"modified":"2019-07-14T17:54:32","modified_gmt":"2019-07-14T15:54:32","slug":"ueber-uns","status":"publish","type":"page","link":"https:\/\/previews.wasiwarez.net\/restaurant\/ueber-uns\/","title":{"rendered":"\u00dcber uns"},"content":{"rendered":"\n<p>Dies ist ihre &#8220;\u00dcber uns&#8221;-Seite. Diese k\u00f6nnten Sie nutzen, um etwas \u00fcber ihr Restaurant zu erz\u00e4hlen.<\/p>\n\n\n\n<p>Vielleicht mit ein paar Fotos.<\/p>\n\n\n\n<p>Oder nur mit Text.<\/p>\n","protected":false},"excerpt":{"rendered":"<p>Dies ist ihre &#8220;\u00dcber uns&#8221;-Seite. Diese k\u00f6nnten Sie nutzen, um etwas \u00fcber ihr Restaurant zu erz\u00e4hlen. Vielleicht mit ein paar Fotos. Oder nur mit Text.<\/p>\n","protected":false},"author":1,"featured_media":8,"parent":0,"menu_order":0,"comment_status":"closed","ping_status":"closed","template":"template-full-width-page.php","meta":{"_custom_body_class":"","_custom_post_class":"","_wasitools_body_class":"","footnotes":""},"class_list":["post-123","page","type-page","status-publish","has-post-thumbnail","hentry"],"_links":{"self":[{"href":"https:\/\/previews.wasiwarez.net\/restaurant\/wp-json\/wp\/v2\/pages\/123","targetHints":{"allow":["GET"]}}],"collection":[{"href":"https:\/\/previews.wasiwarez.net\/restaurant\/wp-json\/wp\/v2\/pages"}],"about":[{"href":"https:\/\/previews.wasiwarez.net\/restaurant\/wp-json\/wp\/v2\/types\/page"}],"author":[{"embeddable":true,"href":"https:\/\/previews.wasiwarez.net\/restaurant\/wp-json\/wp\/v2\/users\/1"}],"replies":[{"embeddable":true,"href":"https:\/\/previews.wasiwarez.net\/restaurant\/wp-json\/wp\/v2\/comments?post=123"}],"version-history":[{"count":1,"href":"https:\/\/previews.wasiwarez.net\/restaurant\/wp-json\/wp\/v2\/pages\/123\/revisions"}],"predecessor-version":[{"id":125,"href":"https:\/\/previews.wasiwarez.net\/restaurant\/wp-json\/wp\/v2\/pages\/123\/revisions\/125"}],"wp:featuredmedia":[{"embeddable":true,"href":"https:\/\/previews.wasiwarez.net\/restaurant\/wp-json\/"}],"wp:attachment":[{"href":"https:\/\/previews.wasiwarez.net\/restaurant\/wp-json\/wp\/v2\/media?parent=123"}],"curies":[{"name":"wp","href":"https:\/\/api.w.org\/{rel}","templated":true}]}}